{"id":149,"date":"2025-08-29T23:06:44","date_gmt":"2025-08-29T21:06:44","guid":{"rendered":"https:\/\/nebulus3d.com\/?page_id=149"},"modified":"2025-10-05T14:17:15","modified_gmt":"2025-10-05T12:17:15","slug":"ateliers-low-tech","status":"publish","type":"page","link":"https:\/\/nebulus3d.com\/index.php\/ateliers-low-tech\/","title":{"rendered":"Ateliers Low-tech"},"content":{"rendered":"\n<p>Nebulus 3D vous propose des ateliers de bricolage sur la th\u00e9matique du low-tech. Ces ateliers ont plusieurs objectifs:<\/p>\n\n\n\n<ul class=\"wp-block-list\">\n<li>acqu\u00e9rir des notions de bricolage (public vis\u00e9: de novice \u00e0 expert)<\/li>\n\n\n\n<li>repartir avec un objet qui vous permettra de faire des \u00e9conomies d&rsquo;\u00e9nergies et d&rsquo;avoir un impact concret sur l&rsquo;environnement<\/li>\n<\/ul>\n\n\n\n<p>Dans la mesure du possible, les mat\u00e9riaux de construction employ\u00e9s sont recycl\u00e9s et de seconde main.<\/p>\n\n\n\n<p>Voici les diff\u00e9rentes th\u00e9matiques:<\/p>\n\n\n\n<ul class=\"wp-block-list\">\n<li>La Marmite Norv\u00e9gienne<\/li>\n\n\n\n<li>Le s\u00e9choir solaire<\/li>\n\n\n\n<li>La r\u00e9alisation d&rsquo;Oyas pour le jardin<\/li>\n<\/ul>\n\n\n\n<h2 class=\"wp-block-heading\">La Marmite Norv\u00e9gienne<\/h2>\n\n\n\n<p>Un compagnon parfait dans la cuisine pour vous permettre de faire de bon petit plat, tout en faisant des \u00e9conomies d&rsquo;\u00e9nergies (jusqu&rsquo;\u00e0 70% en moins sur la facture pour certains aliments).<\/p>\n\n\n\n<p>La <a href=\"https:\/\/fr.wikipedia.org\/wiki\/Marmite_norv%C3%A9gienne\" data-type=\"link\" data-id=\"https:\/\/fr.wikipedia.org\/wiki\/Marmite_norv%C3%A9gienne\">marmite Norv\u00e9gienne<\/a> est faite sur mesure, en fonction de la taille de votre marmite.<\/p>\n\n\n\n<p><strong>Nombre de participant: <\/strong>1 \u00e0 4 personnes par atelier<br><strong>Tarif :<\/strong> en fonction de la taille de la marmite et du nombre de participant<br><strong>Public vis\u00e9:<\/strong> ado et adultes<br><strong>Langue:<\/strong> fran\u00e7ais ou anglais<\/p>\n\n\n\n<figure class=\"wp-block-image size-large\"><img loading=\"lazy\" decoding=\"async\" width=\"1024\" height=\"578\" src=\"https:\/\/nebulus3d.com\/wp-content\/uploads\/2025\/09\/Marmite-Norvegienne-Toulouse-Aucamville-DIY-cuisson-Economie-energie-recyclage-1-1024x578.jpeg\" alt=\"\" class=\"wp-image-169\" srcset=\"https:\/\/nebulus3d.com\/wp-content\/uploads\/2025\/09\/Marmite-Norvegienne-Toulouse-Aucamville-DIY-cuisson-Economie-energie-recyclage-1-1024x578.jpeg 1024w, https:\/\/nebulus3d.com\/wp-content\/uploads\/2025\/09\/Marmite-Norvegienne-Toulouse-Aucamville-DIY-cuisson-Economie-energie-recyclage-1-300x169.jpeg 300w, https:\/\/nebulus3d.com\/wp-content\/uploads\/2025\/09\/Marmite-Norvegienne-Toulouse-Aucamville-DIY-cuisson-Economie-energie-recyclage-1-768x434.jpeg 768w, https:\/\/nebulus3d.com\/wp-content\/uploads\/2025\/09\/Marmite-Norvegienne-Toulouse-Aucamville-DIY-cuisson-Economie-energie-recyclage-1-1536x867.jpeg 1536w, https:\/\/nebulus3d.com\/wp-content\/uploads\/2025\/09\/Marmite-Norvegienne-Toulouse-Aucamville-DIY-cuisson-Economie-energie-recyclage-1-2048x1157.jpeg 2048w\" sizes=\"auto, (max-width: 1024px) 100vw, 1024px\" \/><figcaption class=\"wp-element-caption\">Exemple de marmite Norv\u00e9gienne construite par NEBULUS 3D pendant un atelier<\/figcaption><\/figure>\n\n\n\n<h2 class=\"wp-block-heading\">Le s\u00e9choir solaire<\/h2>\n\n\n\n<p>Il vous permettra de s\u00e9cher fruits, l\u00e9gumes et herbes pour une conservation longue dur\u00e9e. Vous profiterez ainsi de l&rsquo;\u00e9nergie du soleil, peu importe la saison.<br><\/p>\n\n\n\n<p><strong>Nombre de participant: <\/strong>1 \u00e0 4 personnes par atelier<br><strong>Tarif :<\/strong> en fonction de la taille du s\u00e9choir solaire et du nombre de participant<br><strong>Public vis\u00e9:<\/strong> ado et adultes<br><strong>Langue:<\/strong> fran\u00e7ais ou anglais<\/p>\n\n\n\n<figure class=\"wp-block-image size-large\"><img loading=\"lazy\" decoding=\"async\" width=\"1024\" height=\"455\" src=\"https:\/\/nebulus3d.com\/wp-content\/uploads\/2025\/09\/exemple-objet-low-tech-sechoir-solaire-diy-nebulus-3D-1024x455.png\" alt=\"\" class=\"wp-image-168\" srcset=\"https:\/\/nebulus3d.com\/wp-content\/uploads\/2025\/09\/exemple-objet-low-tech-sechoir-solaire-diy-nebulus-3D-1024x455.png 1024w, https:\/\/nebulus3d.com\/wp-content\/uploads\/2025\/09\/exemple-objet-low-tech-sechoir-solaire-diy-nebulus-3D-300x133.png 300w, https:\/\/nebulus3d.com\/wp-content\/uploads\/2025\/09\/exemple-objet-low-tech-sechoir-solaire-diy-nebulus-3D-768x342.png 768w, https:\/\/nebulus3d.com\/wp-content\/uploads\/2025\/09\/exemple-objet-low-tech-sechoir-solaire-diy-nebulus-3D-1536x683.png 1536w, https:\/\/nebulus3d.com\/wp-content\/uploads\/2025\/09\/exemple-objet-low-tech-sechoir-solaire-diy-nebulus-3D.png 1628w\" sizes=\"auto, (max-width: 1024px) 100vw, 1024px\" \/><figcaption class=\"wp-element-caption\">Exemple de s\u00e9choir solaire construit par NEBULUS 3D pendant un atelier<\/figcaption><\/figure>\n\n\n\n<h2 class=\"wp-block-heading\">Oyas pour le jardin ou balcon<\/h2>\n\n\n\n<p>Tr\u00e8s utiles pour limiter les arrosages de vos plantes, en pot ou en pleine terre, les Oyas sont indispensables surtout en p\u00e9riode de canicule ou de s\u00e9cheresse.<\/p>\n\n\n\n<p><strong>Nombre de participant: <\/strong>1 \u00e0 4 personnes par atelier<br><strong>Tarif :<\/strong> en fonction de nombre d&rsquo;Oyas et de leur taille (de 1L \u00e0 20L) et du nombre de participant. Installation possible (merci de nous contacter pour plus d&rsquo;information)<br><strong>Public vis\u00e9:<\/strong> tout public<br><strong>Langue:<\/strong> fran\u00e7ais ou anglais<\/p>\n\n\n\n<figure class=\"wp-block-image aligncenter size-large is-resized\"><img loading=\"lazy\" decoding=\"async\" width=\"975\" height=\"1024\" src=\"http:\/\/nebulus3d.com\/wp-content\/uploads\/2025\/10\/OYAS-Toulouse-Nebulus-3D-canicule-arrosage-secheresse-economie-eau-jardin-pot-terre-culture-975x1024.jpeg\" alt=\"\" class=\"wp-image-215\" style=\"width:541px;height:auto\" srcset=\"https:\/\/nebulus3d.com\/wp-content\/uploads\/2025\/10\/OYAS-Toulouse-Nebulus-3D-canicule-arrosage-secheresse-economie-eau-jardin-pot-terre-culture-975x1024.jpeg 975w, https:\/\/nebulus3d.com\/wp-content\/uploads\/2025\/10\/OYAS-Toulouse-Nebulus-3D-canicule-arrosage-secheresse-economie-eau-jardin-pot-terre-culture-286x300.jpeg 286w, https:\/\/nebulus3d.com\/wp-content\/uploads\/2025\/10\/OYAS-Toulouse-Nebulus-3D-canicule-arrosage-secheresse-economie-eau-jardin-pot-terre-culture-768x807.jpeg 768w, https:\/\/nebulus3d.com\/wp-content\/uploads\/2025\/10\/OYAS-Toulouse-Nebulus-3D-canicule-arrosage-secheresse-economie-eau-jardin-pot-terre-culture-1462x1536.jpeg 1462w, https:\/\/nebulus3d.com\/wp-content\/uploads\/2025\/10\/OYAS-Toulouse-Nebulus-3D-canicule-arrosage-secheresse-economie-eau-jardin-pot-terre-culture-1949x2048.jpeg 1949w\" sizes=\"auto, (max-width: 975px) 100vw, 975px\" \/><figcaption class=\"wp-element-caption\">Exemple d&rsquo;Oyas install\u00e9es par NEBULUS 3D sur Toulouse: une v\u00e9g\u00e9tation luxuriante pour un minimum d&rsquo;arrosage<\/figcaption><\/figure>\n","protected":false},"excerpt":{"rendered":"<p>Nebulus 3D vous propose des ateliers de bricolage sur la th\u00e9matique du low-tech. Ces ateliers ont plusieurs objectifs: Dans la mesure du possible, les mat\u00e9riaux de construction employ\u00e9s sont recycl\u00e9s et de seconde main. Voici les diff\u00e9rentes th\u00e9matiques: La Marmite Norv\u00e9gienne Un compagnon parfait dans la cuisine pour vous permettre de faire de bon petit [&hellip;]<\/p>\n","protected":false},"author":1,"featured_media":0,"parent":0,"menu_order":0,"comment_status":"closed","ping_status":"closed","template":"","meta":{"_monsterinsights_skip_tracking":false,"_monsterinsights_sitenote_active":false,"_monsterinsights_sitenote_note":"","_monsterinsights_sitenote_category":0,"footnotes":""},"class_list":["post-149","page","type-page","status-publish","hentry"],"_links":{"self":[{"href":"https:\/\/nebulus3d.com\/index.php\/wp-json\/wp\/v2\/pages\/149","targetHints":{"allow":["GET"]}}],"collection":[{"href":"https:\/\/nebulus3d.com\/index.php\/wp-json\/wp\/v2\/pages"}],"about":[{"href":"https:\/\/nebulus3d.com\/index.php\/wp-json\/wp\/v2\/types\/page"}],"author":[{"embeddable":true,"href":"https:\/\/nebulus3d.com\/index.php\/wp-json\/wp\/v2\/users\/1"}],"replies":[{"embeddable":true,"href":"https:\/\/nebulus3d.com\/index.php\/wp-json\/wp\/v2\/comments?post=149"}],"version-history":[{"count":9,"href":"https:\/\/nebulus3d.com\/index.php\/wp-json\/wp\/v2\/pages\/149\/revisions"}],"predecessor-version":[{"id":217,"href":"https:\/\/nebulus3d.com\/index.php\/wp-json\/wp\/v2\/pages\/149\/revisions\/217"}],"wp:attachment":[{"href":"https:\/\/nebulus3d.com\/index.php\/wp-json\/wp\/v2\/media?parent=149"}],"curies":[{"name":"wp","href":"https:\/\/api.w.org\/{rel}","templated":true}]}}