{"id":20,"date":"2024-10-16T11:04:42","date_gmt":"2024-10-16T09:04:42","guid":{"rendered":"https:\/\/nebulus3d.com\/?page_id=20"},"modified":"2025-10-05T14:24:07","modified_gmt":"2025-10-05T12:24:07","slug":"les-ateliers","status":"publish","type":"page","link":"https:\/\/nebulus3d.com\/index.php\/les-ateliers\/","title":{"rendered":"Les Ateliers"},"content":{"rendered":"\n<p class=\"has-vivid-cyan-blue-color has-text-color has-link-color wp-elements-05632029db11419b895fe2527d27a9af\"><\/p>\n\n\n\n<p>L&rsquo;objectif des ateliers est de comprendre de fa\u00e7on ludique l&rsquo;impression 3D, chaque participant.e repartira avec son objet imprim\u00e9 en 3D et m\u00eame dans certains cas un objet qu&rsquo;il ou elle aura imagin\u00e9!<\/p>\n\n\n\n<p class=\"has-text-align-left\">Merci de nous contacter pour discuter de votre besoin et mettre en place un atelier sur mesure qui satisfera tout le monde.<\/p>\n\n\n\n<div class=\"wp-block-buttons is-layout-flex wp-block-buttons-is-layout-flex\">\n<div class=\"wp-block-button\"><a class=\"wp-block-button__link wp-element-button\" href=\"https:\/\/nebulus3d.com\/index.php\/contact\/\">Contact<\/a><\/div>\n<\/div>\n\n\n\n<h2 class=\"wp-block-heading\"><strong>Chez vous<\/strong><\/h2>\n\n\n\n<figure class=\"wp-block-image aligncenter size-full is-resized\"><img loading=\"lazy\" decoding=\"async\" width=\"1024\" height=\"1024\" src=\"https:\/\/nebulus3d.com\/wp-content\/uploads\/2024\/10\/deux_enfants_atelier_impression_3D_a_domicile_.png\" alt=\"des enfants qui d\u00e9couvrent les joies de l'impression 3D \u00e0 domicile gr\u00e2ce \u00e0 un atelier dirig\u00e9 par Nebulus 3D en r\u00e9gion Toulousaine, Toulouse, Occitanie\" class=\"wp-image-25\" style=\"object-fit:cover;width:365px;height:auto\" srcset=\"https:\/\/nebulus3d.com\/wp-content\/uploads\/2024\/10\/deux_enfants_atelier_impression_3D_a_domicile_.png 1024w, https:\/\/nebulus3d.com\/wp-content\/uploads\/2024\/10\/deux_enfants_atelier_impression_3D_a_domicile_-300x300.png 300w, https:\/\/nebulus3d.com\/wp-content\/uploads\/2024\/10\/deux_enfants_atelier_impression_3D_a_domicile_-150x150.png 150w, https:\/\/nebulus3d.com\/wp-content\/uploads\/2024\/10\/deux_enfants_atelier_impression_3D_a_domicile_-768x768.png 768w\" sizes=\"auto, (max-width: 1024px) 100vw, 1024px\" \/><\/figure>\n\n\n\n<p>NEBULUS 3D peut se rendre \u00e0 votre domicile pour un atelier li\u00e9 \u00e0 l&rsquo;impression 3D.<\/p>\n\n\n\n<p>Les ateliers sont personnalis\u00e9s au maximum en fonction de l&rsquo;\u00e2ge des participants et des gouts de chacun. Tout le monde aura son activit\u00e9.<\/p>\n\n\n\n<p><br>Dans le cas d&rsquo;atelier fait avec un ou plusieurs mineurs, la pr\u00e9sence d&rsquo;un adulte est <strong>obligatoire<\/strong> tout au long de la session.<\/p>\n\n\n\n<h2 class=\"wp-block-heading\"><strong>A l&rsquo;\u00e9cole<\/strong><\/h2>\n\n\n\n<figure class=\"wp-block-image aligncenter size-full is-resized\"><img loading=\"lazy\" decoding=\"async\" width=\"1024\" height=\"1024\" src=\"https:\/\/nebulus3d.com\/wp-content\/uploads\/2024\/10\/atelier_Nebulus_3D_a_l_ecole_impression_3D.png\" alt=\"des enfants qui d\u00e9couvrent les joies de l'impression 3D \u00e0 l'\u00e9cole gr\u00e2ce \u00e0 un atelier dirig\u00e9 par Nebulus 3D en r\u00e9gion Toulousaine, Toulouse, Occitanie\" class=\"wp-image-24\" style=\"width:379px;height:auto\" srcset=\"https:\/\/nebulus3d.com\/wp-content\/uploads\/2024\/10\/atelier_Nebulus_3D_a_l_ecole_impression_3D.png 1024w, https:\/\/nebulus3d.com\/wp-content\/uploads\/2024\/10\/atelier_Nebulus_3D_a_l_ecole_impression_3D-300x300.png 300w, https:\/\/nebulus3d.com\/wp-content\/uploads\/2024\/10\/atelier_Nebulus_3D_a_l_ecole_impression_3D-150x150.png 150w, https:\/\/nebulus3d.com\/wp-content\/uploads\/2024\/10\/atelier_Nebulus_3D_a_l_ecole_impression_3D-768x768.png 768w\" sizes=\"auto, (max-width: 1024px) 100vw, 1024px\" \/><\/figure>\n\n\n\n<p>Nebulus 3D peut se rendre dans une \u00e9cole pour un atelier d&rsquo;impression 3D.<\/p>\n\n\n\n<p>Les ateliers sont personnalis\u00e9s et pr\u00e9par\u00e9s en amont avec le ou les enseignant.e.s. Les ateliers peuvent \u00eatre th\u00e9matiques (la robotique, la nature, le recyclage, le compostage&#8230;).<\/p>\n\n\n\n<p><br>La pr\u00e9sence d&rsquo;un adulte est <strong>obligatoire<\/strong> tout au long de la session.<\/p>\n\n\n\n<h2 class=\"wp-block-heading\">Au menu des ateliers<\/h2>\n\n\n\n<p>&#8211; Les bases de l&rsquo;impression 3D: Qu&rsquo;est ce que c&rsquo;est? Qu&rsquo;est ce qu&rsquo;on peut en faire? Qui l&rsquo;utilise?<br>&#8211; Initiation \u00e0 la mod\u00e9lisation 3D<br>&#8211; Utilisation d&rsquo;une imprimante 3D<br><\/p>\n\n\n\n<p>Certaines impressions prendront sans doute du temps pour \u00eatre imprim\u00e9s, c&rsquo;est pourquoi Nebulus 3D s&rsquo;occupera de vous envoyer les impressions non termin\u00e9es dans un second temps (remises en main propre ou en livraison).<\/p>\n\n\n\n<h2 class=\"wp-block-heading\">Pour qui?<\/h2>\n\n\n\n<p>Tout le monde ! de 7 \u00e0 77 ans, il n&rsquo;y a pas d&rsquo;\u00e2ge pour d\u00e9couvrir l&rsquo;impression 3D. Chaque atelier sera personnalis\u00e9 en fonction des participant.e.s.<\/p>\n\n\n\n<h2 class=\"wp-block-heading\">Tarifs<\/h2>\n\n\n\n<p>Nous contacter pour plus d&rsquo;information (le prix final d\u00e9pend du nombre de participant et des activit\u00e9s qui seront choisies).<br>Un acompte de 50% sera demand\u00e9 pour la pr\u00e9paration de l&rsquo;atelier; et le reste \u00e0 payer sur facture, qui sera fourni une fois l&rsquo;atelier r\u00e9alis\u00e9.<br>Paiement via virement bancaire, esp\u00e8ce, ch\u00e8que ou Paypal<\/p>\n\n\n\n<div class=\"wp-block-buttons is-layout-flex wp-block-buttons-is-layout-flex\">\n<div class=\"wp-block-button\"><a class=\"wp-block-button__link wp-element-button\" href=\"https:\/\/nebulus3d.com\/index.php\/contact\/\">Contact<\/a><\/div>\n<\/div>\n","protected":false},"excerpt":{"rendered":"<p>L&rsquo;objectif des ateliers est de comprendre de fa\u00e7on ludique l&rsquo;impression 3D, chaque participant.e repartira avec son objet imprim\u00e9 en 3D et m\u00eame dans certains cas un objet qu&rsquo;il ou elle aura imagin\u00e9! Merci de nous contacter pour discuter de votre besoin et mettre en place un atelier sur mesure qui satisfera tout le monde. Chez [&hellip;]<\/p>\n","protected":false},"author":1,"featured_media":0,"parent":0,"menu_order":0,"comment_status":"closed","ping_status":"closed","template":"","meta":{"_monsterinsights_skip_tracking":false,"_monsterinsights_sitenote_active":false,"_monsterinsights_sitenote_note":"","_monsterinsights_sitenote_category":0,"footnotes":""},"class_list":["post-20","page","type-page","status-publish","hentry"],"_links":{"self":[{"href":"https:\/\/nebulus3d.com\/index.php\/wp-json\/wp\/v2\/pages\/20","targetHints":{"allow":["GET"]}}],"collection":[{"href":"https:\/\/nebulus3d.com\/index.php\/wp-json\/wp\/v2\/pages"}],"about":[{"href":"https:\/\/nebulus3d.com\/index.php\/wp-json\/wp\/v2\/types\/page"}],"author":[{"embeddable":true,"href":"https:\/\/nebulus3d.com\/index.php\/wp-json\/wp\/v2\/users\/1"}],"replies":[{"embeddable":true,"href":"https:\/\/nebulus3d.com\/index.php\/wp-json\/wp\/v2\/comments?post=20"}],"version-history":[{"count":14,"href":"https:\/\/nebulus3d.com\/index.php\/wp-json\/wp\/v2\/pages\/20\/revisions"}],"predecessor-version":[{"id":221,"href":"https:\/\/nebulus3d.com\/index.php\/wp-json\/wp\/v2\/pages\/20\/revisions\/221"}],"wp:attachment":[{"href":"https:\/\/nebulus3d.com\/index.php\/wp-json\/wp\/v2\/media?parent=20"}],"curies":[{"name":"wp","href":"https:\/\/api.w.org\/{rel}","templated":true}]}}