{"id":42,"date":"2024-10-16T11:18:43","date_gmt":"2024-10-16T09:18:43","guid":{"rendered":"https:\/\/nebulus3d.com\/?page_id=42"},"modified":"2025-10-05T14:50:08","modified_gmt":"2025-10-05T12:50:08","slug":"le-prototypage","status":"publish","type":"page","link":"https:\/\/nebulus3d.com\/index.php\/le-prototypage\/","title":{"rendered":"Prestation de service"},"content":{"rendered":"\n<p>Impression 3D \u00e0 la demande: \u00e0 partir d&rsquo;une pi\u00e8ce \u00e0 reproduire, de plans, de photographies, de dessins ou bien sur demande (prototype). Prestations fournies aux professionnels comme aux particuliers.<\/p>\n\n\n\n<p>Volume maximum d&rsquo;impression: 230x220x200mm<br>Mati\u00e8re : PLA, ASA ou TPU. Autres mati\u00e8res sur demande<\/p>\n\n\n\n<p><strong>NOTE:<\/strong> un minimum de 15\u20ac sera factur\u00e9 pour tout type de prestation de service (la r\u00e9alisation du devis reste gratuite).<\/p>\n\n\n\n<figure class=\"wp-block-image size-large\"><img loading=\"lazy\" decoding=\"async\" width=\"1024\" height=\"521\" src=\"https:\/\/nebulus3d.com\/wp-content\/uploads\/2025\/09\/Exemple-impression-3D-a-la-demande-NEBULUS-3D-figurine-prototype-personalisation-1-1024x521.png\" alt=\"\" class=\"wp-image-187\" srcset=\"https:\/\/nebulus3d.com\/wp-content\/uploads\/2025\/09\/Exemple-impression-3D-a-la-demande-NEBULUS-3D-figurine-prototype-personalisation-1-1024x521.png 1024w, https:\/\/nebulus3d.com\/wp-content\/uploads\/2025\/09\/Exemple-impression-3D-a-la-demande-NEBULUS-3D-figurine-prototype-personalisation-1-300x153.png 300w, https:\/\/nebulus3d.com\/wp-content\/uploads\/2025\/09\/Exemple-impression-3D-a-la-demande-NEBULUS-3D-figurine-prototype-personalisation-1-768x391.png 768w, https:\/\/nebulus3d.com\/wp-content\/uploads\/2025\/09\/Exemple-impression-3D-a-la-demande-NEBULUS-3D-figurine-prototype-personalisation-1-1536x781.png 1536w, https:\/\/nebulus3d.com\/wp-content\/uploads\/2025\/09\/Exemple-impression-3D-a-la-demande-NEBULUS-3D-figurine-prototype-personalisation-1.png 1750w\" sizes=\"auto, (max-width: 1024px) 100vw, 1024px\" \/><\/figure>\n\n\n\n<p>Merci de nous contacter par t\u00e9l\u00e9phone ou email pour plus d&rsquo;information et \u00e9changer plus en profondeur sur le sujet.<\/p>\n\n\n\n<div class=\"wp-block-buttons is-layout-flex wp-block-buttons-is-layout-flex\">\n<div class=\"wp-block-button\"><a class=\"wp-block-button__link wp-element-button\" href=\"https:\/\/nebulus3d.com\/index.php\/contact\/\">Contact<\/a><\/div>\n<\/div>\n","protected":false},"excerpt":{"rendered":"<p>Impression 3D \u00e0 la demande: \u00e0 partir d&rsquo;une pi\u00e8ce \u00e0 reproduire, de plans, de photographies, de dessins ou bien sur demande (prototype). Prestations fournies aux professionnels comme aux particuliers. Volume maximum d&rsquo;impression: 230x220x200mmMati\u00e8re : PLA, ASA ou TPU. Autres mati\u00e8res sur demande NOTE: un minimum de 15\u20ac sera factur\u00e9 pour tout type de prestation de [&hellip;]<\/p>\n","protected":false},"author":1,"featured_media":0,"parent":0,"menu_order":0,"comment_status":"closed","ping_status":"closed","template":"","meta":{"_monsterinsights_skip_tracking":false,"_monsterinsights_sitenote_active":false,"_monsterinsights_sitenote_note":"","_monsterinsights_sitenote_category":0,"footnotes":""},"class_list":["post-42","page","type-page","status-publish","hentry"],"_links":{"self":[{"href":"https:\/\/nebulus3d.com\/index.php\/wp-json\/wp\/v2\/pages\/42","targetHints":{"allow":["GET"]}}],"collection":[{"href":"https:\/\/nebulus3d.com\/index.php\/wp-json\/wp\/v2\/pages"}],"about":[{"href":"https:\/\/nebulus3d.com\/index.php\/wp-json\/wp\/v2\/types\/page"}],"author":[{"embeddable":true,"href":"https:\/\/nebulus3d.com\/index.php\/wp-json\/wp\/v2\/users\/1"}],"replies":[{"embeddable":true,"href":"https:\/\/nebulus3d.com\/index.php\/wp-json\/wp\/v2\/comments?post=42"}],"version-history":[{"count":7,"href":"https:\/\/nebulus3d.com\/index.php\/wp-json\/wp\/v2\/pages\/42\/revisions"}],"predecessor-version":[{"id":224,"href":"https:\/\/nebulus3d.com\/index.php\/wp-json\/wp\/v2\/pages\/42\/revisions\/224"}],"wp:attachment":[{"href":"https:\/\/nebulus3d.com\/index.php\/wp-json\/wp\/v2\/media?parent=42"}],"curies":[{"name":"wp","href":"https:\/\/api.w.org\/{rel}","templated":true}]}}