{"id":53,"date":"2024-10-16T11:32:48","date_gmt":"2024-10-16T09:32:48","guid":{"rendered":"https:\/\/nebulus3d.com\/?page_id=53"},"modified":"2025-09-01T21:57:14","modified_gmt":"2025-09-01T19:57:14","slug":"contact","status":"publish","type":"page","link":"https:\/\/nebulus3d.com\/index.php\/contact\/","title":{"rendered":"Contact"},"content":{"rendered":"\n<p>Vous pouvez nous contacter par email ou t\u00e9l\u00e9phone (appel ou message).<\/p>\n\n\n\n<div style=\"text-align: center;\">\n    <div style=\"margin-bottom: 10px;\">\n        <a id=\"protected-email\" href=\"#\" style=\"margin-right: 10px;\"><\/a>\n        <button id=\"copy-email\" style=\"cursor: pointer; background: none; border: none; color: blue;\">\ud83d\udccb<\/button>\n    <\/div>\n    <div>\n        <a id=\"protected-phone\" href=\"#\" style=\"margin-right: 10px;\"><\/a>\n        <button id=\"copy-phone\" style=\"cursor: pointer; background: none; border: none; color: blue;\">\ud83d\udccb<\/button>\n    <\/div>\n\n    <script type=\"text\/javascript\">\n        (function() {\n            \/\/ Adresse email encod\u00e9e\n            var encodedEmail = [99, 111, 110, 116, 97, 99, 116, 64, 110, 101, 98, 117, 108, 117, 115, 51, 68, 46, 99, 111, 109]; \n            var email = encodedEmail.map(function(charCode) {\n                return String.fromCharCode(charCode);\n            }).join(\"\");\n            var emailLink = \"mailto:\" + email;\n            var emailElement = document.getElementById(\"protected-email\");\n            emailElement.textContent = email;\n            emailElement.href = emailLink;\n\n            \/\/ Ajouter la fonctionnalit\u00e9 de copie pour l'email\n            document.getElementById(\"copy-email\").addEventListener(\"click\", function() {\n                navigator.clipboard.writeText(email).then(function() {\n                    alert(\"Adresse email copi\u00e9e dans le presse-papiers !\");\n                }).catch(function(err) {\n                    alert(\"\u00c9chec de la copie : \", err);\n                });\n            });\n\n            \/\/ Num\u00e9ro de t\u00e9l\u00e9phone encod\u00e9\n            var encodedPhone = [43, 51, 51, 32, 55, 32, 52, 52, 32, 52, 49, 32, 53, 54, 32, 55, 57]; \/\/ phone en ASCII\n            var phone = encodedPhone.map(function(charCode) {\n                return String.fromCharCode(charCode);\n            }).join(\"\");\n            var phoneLink = \"tel:\" + phone.replace(\/ \/g, \"\"); \/\/ Supprime les espaces pour le lien tel:\n            var phoneElement = document.getElementById(\"protected-phone\");\n            phoneElement.textContent = phone;\n            phoneElement.href = phoneLink;\n\n            \/\/ Ajouter la fonctionnalit\u00e9 de copie pour le t\u00e9l\u00e9phone\n            document.getElementById(\"copy-phone\").addEventListener(\"click\", function() {\n                navigator.clipboard.writeText(phone).then(function() {\n                    alert(\"Num\u00e9ro de t\u00e9l\u00e9phone copi\u00e9 dans le presse-papiers !\");\n                }).catch(function(err) {\n                    alert(\"\u00c9chec de la copie : \", err);\n                });\n            });\n        })();\n    <\/script>\n    <noscript>*protected email and phone*<\/noscript>\n<\/div>\n\n\n\n<p>Vos donn\u00e9es sont personnelles et ne seront pas partag\u00e9es. Vos donn\u00e9es seront utilis\u00e9es pour vous contacter et avoir plus d&rsquo;information concernant votre projet.<\/p>\n\n\n\n<p>Dans le cas des ateliers, nous pourrons \u00e9changer (messagerie, t\u00e9l\u00e9phone) afin de mettre en place des activit\u00e9s qui seront le plus adapt\u00e9es \u00e0 vos besoins, envies ou passions.<\/p>\n\n\n\n<p><\/p>\n","protected":false},"excerpt":{"rendered":"<p>Vous pouvez nous contacter par email ou t\u00e9l\u00e9phone (appel ou message). \ud83d\udccb \ud83d\udccb *protected email and phone* Vos donn\u00e9es sont personnelles et ne seront pas partag\u00e9es. Vos donn\u00e9es seront utilis\u00e9es pour vous contacter et avoir plus d&rsquo;information concernant votre projet. Dans le cas des ateliers, nous pourrons \u00e9changer (messagerie, t\u00e9l\u00e9phone) afin de mettre en place [&hellip;]<\/p>\n","protected":false},"author":1,"featured_media":0,"parent":0,"menu_order":0,"comment_status":"closed","ping_status":"closed","template":"","meta":{"_monsterinsights_skip_tracking":false,"_monsterinsights_sitenote_active":false,"_monsterinsights_sitenote_note":"","_monsterinsights_sitenote_category":0,"footnotes":""},"class_list":["post-53","page","type-page","status-publish","hentry"],"_links":{"self":[{"href":"https:\/\/nebulus3d.com\/index.php\/wp-json\/wp\/v2\/pages\/53","targetHints":{"allow":["GET"]}}],"collection":[{"href":"https:\/\/nebulus3d.com\/index.php\/wp-json\/wp\/v2\/pages"}],"about":[{"href":"https:\/\/nebulus3d.com\/index.php\/wp-json\/wp\/v2\/types\/page"}],"author":[{"embeddable":true,"href":"https:\/\/nebulus3d.com\/index.php\/wp-json\/wp\/v2\/users\/1"}],"replies":[{"embeddable":true,"href":"https:\/\/nebulus3d.com\/index.php\/wp-json\/wp\/v2\/comments?post=53"}],"version-history":[{"count":11,"href":"https:\/\/nebulus3d.com\/index.php\/wp-json\/wp\/v2\/pages\/53\/revisions"}],"predecessor-version":[{"id":194,"href":"https:\/\/nebulus3d.com\/index.php\/wp-json\/wp\/v2\/pages\/53\/revisions\/194"}],"wp:attachment":[{"href":"https:\/\/nebulus3d.com\/index.php\/wp-json\/wp\/v2\/media?parent=53"}],"curies":[{"name":"wp","href":"https:\/\/api.w.org\/{rel}","templated":true}]}}